{"id":72,"date":"2021-05-28T19:12:09","date_gmt":"2021-05-28T19:12:09","guid":{"rendered":"https:\/\/www.thequeerproject.org\/?page_id=72"},"modified":"2021-08-01T16:44:18","modified_gmt":"2021-08-01T16:44:18","slug":"donate","status":"publish","type":"page","link":"https:\/\/www.thequeerproject.org\/fr\/donate\/","title":{"rendered":"Faire un don"},"content":{"rendered":"<div class=\"section-full-width section-light2\" style=\"background-color:#f7f7f7;\" id=\"faireundon\"><div class=\"section-boxed\" style=\"color:#777777;\"><h2 class=\"section-title\" style=\"color:#252525;\">Faire un don<\/h2><\/p>\n<p style=\"text-align: center;\"><a class=\"button\" style=\"background-color: #e0692b;\" href=\"https:\/\/www.gofundme.com\/f\/direct-aid-to-lgbtiq-hurt-by-beirut-explosion\" target=\"_blank\" rel=\"noopener\">Faire un don sur GoFundMe<\/a><\/p>\n<p>Dans le cadre du projet <em>C\u0153urs en \u00c9clats<\/em>, nous avons rencontr\u00e9 14 personnes et leurs histoires sont racont\u00e9es ici, en francais et en anglais, accompagn\u00e9es d\u2019une courte vid\u00e9o. Pour des raisons de s\u00e9curit\u00e9, le visage des protagonistes est flout\u00e9 et leur nom modifi\u00e9.<\/p>\n<p>La majorit\u00e9 des histoires que nous racontons sont celles de personnes transgenres. La situation des personnes transgenres au Liban est extr\u00eamement difficile. La r\u00e9pression de l\u2019\u00c9tat et la stigmatisation sociale sont impitoyables.<\/p>\n<p>Plusieurs histoires sont celles de personnes r\u00e9fugi\u00e9es. Le Liban a traditionnellement \u00e9t\u00e9 une terre d\u2019accueil. Depuis le d\u00e9but de la guerre civile en Syrie, la pr\u00e9sence d\u2019un grand nombre de r\u00e9fugi\u00e9s syriens au Liban a exacerb\u00e9 les sensibilit\u00e9s, ce qui ajoute le fardeau de la discrimination raciale \u00e0 la discrimination du genre.<\/p>\n<p>Jusqu\u2019\u00e0 pr\u00e9sent, l\u2019objectif de la campagne de financement est d\u2019amasser 135 000 CAD. Les besoins ont \u00e9t\u00e9 \u00e9valu\u00e9s de la sorte:<\/p>\n<ul>\n<li>Une allocation de 6\u00a0000 CAD pour couvrir les d\u00e9penses de loyer, nourriture, v\u00eatement et transport pour une p\u00e9riode de 6 mois.<\/li>\n<li>Le remplacement de meubles et appareils \u00e9lectrom\u00e9nagers est \u00e9valu\u00e9 \u00e0 5\u00a0000 CAD seulement, consid\u00e9rant la d\u00e9valuation de la Livre Libanaise.<\/li>\n<li>Les ordinateurs portables et les t\u00e9l\u00e9phones mobiles, consid\u00e9r\u00e9s essentiels dans certains cas, sont \u00e9valu\u00e9s selon le march\u00e9 actuel au Liban \u00e0 600 CAD pour un portable et 700 CAD pour un mobile.<\/li>\n<\/ul>\n<p>Les fonds amass\u00e9s sont d\u00e9pos\u00e9s dans un compte au Canada tel que requis par la plateforme GoFundMe et transf\u00e9r\u00e9s au Liban \u00e0 l&rsquo;organisation MOSAIC, \u00e0 la fin de la campagne, selon les r\u00e8glements bancaires qui seront en fonction au Liban \u00e0 ce moment. Il faut consid\u00e9rer que les r\u00e8glements bancaires au Liban changent continuellement durant cette p\u00e9riode de crise.<\/p>\n<p style=\"text-align: center;\"><a class=\"button\" style=\"background-color: #e0692b;\" href=\"https:\/\/www.gofundme.com\/f\/direct-aid-to-lgbtiq-hurt-by-beirut-explosion\" target=\"_blank\" rel=\"noopener\">Faire un don sur GoFundMe<\/a><\/p>\n<p>\n<\/div><\/div>\n","protected":false},"excerpt":{"rendered":"","protected":false},"author":2,"featured_media":201,"parent":0,"menu_order":0,"comment_status":"closed","ping_status":"closed","template":"template-full-custom.php","meta":[],"translation":{"provider":"WPGlobus","version":"2.7.3","language":"fr","enabled_languages":["en","fr"],"languages":{"en":{"title":true,"content":true,"excerpt":false},"fr":{"title":true,"content":true,"excerpt":false}}},"yoast_head":"<!-- This site is optimized with the Yoast SEO plugin v16.3 - https:\/\/yoast.com\/wordpress\/plugins\/seo\/ -->\n<title>Shattered Hearts<\/title>\n<meta name=\"robots\" content=\"index, follow, max-snippet:-1, max-image-preview:large, max-video-preview:-1\" \/>\n<link rel=\"canonical\" href=\"https:\/\/www.thequeerproject.org\/donate\/\" \/>\n<meta property=\"og:locale\" content=\"fr_FR\" \/>\n<meta property=\"og:type\" content=\"article\" \/>\n<meta property=\"og:title\" content=\"Shattered Hearts\" \/>\n<meta property=\"og:url\" content=\"https:\/\/www.thequeerproject.org\/donate\/\" \/>\n<meta property=\"og:site_name\" content=\"Coeurs en &eacute;clats\" \/>\n<meta property=\"article:publisher\" content=\"http:\/\/www.facebook.com\/shatteredhearts.leb\" \/>\n<meta property=\"article:modified_time\" content=\"2021-08-01T16:44:18+00:00\" \/>\n<meta property=\"og:image\" content=\"https:\/\/www.thequeerproject.org\/wp-content\/uploads\/2021\/05\/Featured-image.jpg\" \/>\n\t<meta property=\"og:image:width\" content=\"960\" \/>\n\t<meta property=\"og:image:height\" content=\"540\" \/>\n<meta name=\"twitter:card\" content=\"summary_large_image\" \/>\n<meta name=\"twitter:label1\" content=\"Dur\u00e9e de lecture est.\">\n\t<meta name=\"twitter:data1\" content=\"2 minutes\">\n<script type=\"application\/ld+json\" class=\"yoast-schema-graph\">{\"@context\":\"https:\/\/schema.org\",\"@graph\":[{\"@type\":\"Organization\",\"@id\":\"https:\/\/www.thequeerproject.org\/#organization\",\"name\":\"Shattered Hearts \/ Coeurs en \\u00e9clats\",\"url\":\"https:\/\/www.thequeerproject.org\/\",\"sameAs\":[\"http:\/\/www.facebook.com\/shatteredhearts.leb\",\"http:\/\/www.instagram.com\/shatteredhearts.leb\"],\"logo\":{\"@type\":\"ImageObject\",\"@id\":\"https:\/\/www.thequeerproject.org\/#logo\",\"inLanguage\":\"fr-FR\",\"url\":\"https:\/\/www.thequeerproject.org\/wp-content\/uploads\/2021\/05\/Featured-image.jpg\",\"contentUrl\":\"https:\/\/www.thequeerproject.org\/wp-content\/uploads\/2021\/05\/Featured-image.jpg\",\"width\":960,\"height\":540,\"caption\":\"Shattered Hearts \/ Coeurs en \\u00e9clats\"},\"image\":{\"@id\":\"https:\/\/www.thequeerproject.org\/#logo\"}},{\"@type\":\"WebSite\",\"@id\":\"https:\/\/www.thequeerproject.org\/#website\",\"url\":\"https:\/\/www.thequeerproject.org\/\",\"name\":\"Shattered Hearts\",\"description\":\"Collecte de fonds d'aide directe &agrave; des personnes LGBTIQ ayant souffert de l'explosion du port de Beyrouth\",\"publisher\":{\"@id\":\"https:\/\/www.thequeerproject.org\/#organization\"},\"potentialAction\":[{\"@type\":\"SearchAction\",\"target\":\"https:\/\/www.thequeerproject.org\/?s={search_term_string}\",\"query-input\":\"required name=search_term_string\"}],\"inLanguage\":\"fr-FR\"},{\"@type\":\"ImageObject\",\"@id\":\"https:\/\/www.thequeerproject.org\/donate\/#primaryimage\",\"inLanguage\":\"fr-FR\",\"url\":\"https:\/\/www.thequeerproject.org\/wp-content\/uploads\/2021\/05\/Featured-image.jpg\",\"contentUrl\":\"https:\/\/www.thequeerproject.org\/wp-content\/uploads\/2021\/05\/Featured-image.jpg\",\"width\":960,\"height\":540},{\"@type\":\"WebPage\",\"@id\":\"https:\/\/www.thequeerproject.org\/donate\/#webpage\",\"url\":\"https:\/\/www.thequeerproject.org\/donate\/\",\"name\":\"Shattered Hearts\",\"isPartOf\":{\"@id\":\"https:\/\/www.thequeerproject.org\/#website\"},\"primaryImageOfPage\":{\"@id\":\"https:\/\/www.thequeerproject.org\/donate\/#primaryimage\"},\"datePublished\":\"2021-05-28T19:12:09+00:00\",\"dateModified\":\"2021-08-01T16:44:18+00:00\",\"description\":\"Raising direct aid funds for LGBTIQ individuals in the aftermath of the Beirut port explosion\",\"breadcrumb\":{\"@id\":\"https:\/\/www.thequeerproject.org\/donate\/#breadcrumb\"},\"inLanguage\":\"fr-FR\",\"potentialAction\":[{\"@type\":\"ReadAction\",\"target\":[\"https:\/\/www.thequeerproject.org\/donate\/\"]}]},{\"@type\":\"BreadcrumbList\",\"@id\":\"https:\/\/www.thequeerproject.org\/donate\/#breadcrumb\",\"itemListElement\":[{\"@type\":\"ListItem\",\"position\":1,\"item\":{\"@type\":\"WebPage\",\"@id\":\"https:\/\/www.thequeerproject.org\/\",\"url\":\"https:\/\/www.thequeerproject.org\/\",\"name\":\"Home\"}},{\"@type\":\"ListItem\",\"position\":2,\"item\":{\"@id\":\"https:\/\/www.thequeerproject.org\/donate\/#webpage\"}}]}]}<\/script>\n<!-- \/ Yoast SEO plugin. -->","_links":{"self":[{"href":"https:\/\/www.thequeerproject.org\/fr\/wp-json\/wp\/v2\/pages\/72"}],"collection":[{"href":"https:\/\/www.thequeerproject.org\/fr\/wp-json\/wp\/v2\/pages"}],"about":[{"href":"https:\/\/www.thequeerproject.org\/fr\/wp-json\/wp\/v2\/types\/page"}],"author":[{"embeddable":true,"href":"https:\/\/www.thequeerproject.org\/fr\/wp-json\/wp\/v2\/users\/2"}],"replies":[{"embeddable":true,"href":"https:\/\/www.thequeerproject.org\/fr\/wp-json\/wp\/v2\/comments?post=72"}],"version-history":[{"count":29,"href":"https:\/\/www.thequeerproject.org\/fr\/wp-json\/wp\/v2\/pages\/72\/revisions"}],"predecessor-version":[{"id":326,"href":"https:\/\/www.thequeerproject.org\/fr\/wp-json\/wp\/v2\/pages\/72\/revisions\/326"}],"wp:featuredmedia":[{"embeddable":true,"href":"https:\/\/www.thequeerproject.org\/fr\/wp-json\/wp\/v2\/media\/201"}],"wp:attachment":[{"href":"https:\/\/www.thequeerproject.org\/fr\/wp-json\/wp\/v2\/media?parent=72"}],"curies":[{"name":"wp","href":"https:\/\/api.w.org\/{rel}","templated":true}]}}