{"id":63,"date":"2021-05-28T19:11:06","date_gmt":"2021-05-28T19:11:06","guid":{"rendered":"https:\/\/www.thequeerproject.org\/?page_id=63"},"modified":"2021-07-28T01:04:48","modified_gmt":"2021-07-28T01:04:48","slug":"why","status":"publish","type":"page","link":"https:\/\/www.thequeerproject.org\/fr\/","title":{"rendered":"Coeurs en \u00c9clat"},"content":{"rendered":"<div class=\"section-full-width section-light\" style=\"background-color:#f7f7f7;\" id=\"section-1\"><div style=\"background-image:url(https:\/\/www.thequeerproject.org\/wp-content\/uploads\/2021\/05\/Homepage-Header-FR.jpg); opacity:1; filter: alpha(opacity=100);\" class=\"full-bg-image\" ><\/div><div class=\"section-boxed\" style=\"color:#777777;\"><p><img class=\"img-frame aligncenter\" src=\"https:\/\/www.thequeerproject.org\/wp-content\/uploads\/2021\/05\/blankbox-200x200-1.png\"><\/p>\n<\/div><\/div>\n<div class=\"section-full-width section-light2\" style=\"background-color:#fbefe2;\" id=\"collectedefondsdaidedirecte\u00e0despersonneslgbtiqayantsouffertdelexplosionduportdebeyrouth\"><div class=\"section-boxed\" style=\"color:#777777;\"><h2 class=\"section-title\" style=\"color:#252525;\">Collecte de fonds d'aide directe \u00e0 des personnes LGBTIQ ayant souffert de l'explosion du port de Beyrouth<\/h2><p>Je m\u2019appelle Ian Abinakle. Plus jeune, alors que j\u2019\u00e9tais destin\u00e9 \u00e0 enseigner la litt\u00e9rature fran\u00e7aise \u00e0 Beyrouth,\u00a0la vie m\u2019a men\u00e9 \u00e0 Montr\u00e9al o\u00f9 j\u2019ai \u00e9t\u00e9 attir\u00e9 par la production de spectacles, la planification d\u2019\u00e9v\u00e9nements et l\u2019activisme. Cela m\u2019a conduit \u00e0 promouvoir la diversit\u00e9, l\u2019inclusion et l\u2019\u00e9quit\u00e9 \u00e0 travers la musique et l\u2019art en m\u2019impliquant dans les organisations de la fiert\u00e9 LGBTQ. J\u2019ai \u00e9t\u00e9 directeur du festival de la fiert\u00e9\u00a0Divers\/Cit\u00e9 Montr\u00e9al\u00a0pendant plus de 15 ans, producteur du Green Space Festival pour le Centre\u00a0The 519\u00a0de Toronto pendant 12 ans ainsi qu\u2019organisateur d\u2019\u00e9v\u00e9nements de collecte de fonds \u00e0 grande \u00e9chelle. \u00c0 travers ces r\u00e9alisations, j\u2019ai \u00e9t\u00e9 t\u00e9moin des impacts positifs que peuvent avoir ces initiatives sur les individus et plus largement sur la communaut\u00e9.<\/p>\n<p>La campagne de financement\u00a0C\u0153urs en \u00e9clats\u00a0a fait surface dans ma t\u00eate durant l\u2019isolement pand\u00e9mique, quand j\u2019ai senti le besoin \u201c d\u2019\u00eatre utile\u201d de nouveau. La vie sociale restreinte et la surcharge de connectivit\u00e9 num\u00e9rique ont rendu mon \u00e2me assombrie par l\u2019insupportable sentiment d\u2019\u00eatre inutile, de ne pas \u00eatre un contributeur \u00ab essentiel \u00bb \u00e0 la soci\u00e9t\u00e9, sentiment aggrav\u00e9 par mon impuissance face \u00e0 l\u2019effondrement du pays de mon enfance et le lourd fardeau de difficult\u00e9s que subissent les individus LGBTIQ atteints par l\u2019explosion du port de Beyrouth.<\/p>\n<p>La campagne de financement\u00a0C\u0153urs en \u00c9clats\u00a0est n\u00e9e du d\u00e9sir d\u2019aider \u00e0 soulager une part des souffrances provoqu\u00e9es par l\u2019explosion du port de Beyrouth du 4 ao\u00fbt 2020. Un an plus tard, la partie d\u00e9truite de la ville et les vies de milliers de ses citoyens continuent d\u2019\u00eatre gravement affect\u00e9es par la cinqui\u00e8me d\u00e9flagration la plus puissante de l\u2019histoire de l\u2019humanit\u00e9.<\/p>\n<p>Les quartiers de Gemmayz\u00e9 et de Mar Mikha\u00ebl \u2013 havres de la soci\u00e9t\u00e9 LGBTIQ de Beyrouth \u2013 ont \u00e9t\u00e9 les plus endommag\u00e9s par l\u2019explosion. Les relations de nombreux membres des communaut\u00e9s LGBTIQ ont \u00e9t\u00e9 d\u00e9chir\u00e9es au moment du drame. Des personnes ont \u00e9t\u00e9 contraintes de quitter leur maison pour trouver refuge aupr\u00e8s de leur famille et de leurs amis qui, souvent, ne sont pas au courant de leur orientation sexuelle, et encore moins de leur vie amoureuse.<\/p>\n<p>D\u2019une ampleur comparable aux sept plaies d\u2019\u00c9gypte, l\u2019explosion a exacerb\u00e9 les probl\u00e8mes pr\u00e9existants\u00a0: une \u00e9conomie impitoyable, un soutien gouvernemental inexistant, un syst\u00e8me politique corrompu, sans parler de la crise sanitaire due \u00e0 la pand\u00e9mie. Ajoutez \u00e0 cela l\u2019homophobie et la transphobie.<\/p>\n<p>Les victimes LGBTIQ de l\u2019explosion de Beyrouth sont les oubli\u00e9s parmi les oubli\u00e9s. Nous devons les voir, les \u00e9couter, les comprendre, et les aider de toutes les mani\u00e8res possibles.<\/p>\n<p>\u00c0 travers ce projet, je me suis rendu \u00e0 Beyrouth durant le mois de juin. J\u2019ai rencontr\u00e9 14 personnes LGBTIQ et leurs familles, et j\u2019ai \u00e9crit leurs histoires en Anglais et en Fran\u00e7ais. La campagne de financement\u00a0C\u0153urs en \u00c9clats\u00a0partagera leurs histoires en ligne, et donnera une voix \u00e0 leurs peines, leurs besoins et leurs espoirs dans le but de recueillir suffisamment de fonds pour soulager leurs souffrances.<\/p>\n<p>L\u2019argent recueilli par la campagne permettra de fournir un financement crucial pour chaque personne. Le cas \u00e9ch\u00e9ant, les fonds suppl\u00e9mentaires serviront \u00e0 offrir plus d\u2019aides et \u00e0 partager d\u2019autres histoires in\u00e9dites de la liste de l\u2019organisation MOSAIC, qui sont nombreuses.<\/p>\n<p>Les fonds amass\u00e9s couvriront les besoins essentiels des protagonistes pr\u00e9sent\u00e9s dans les histoires de cette campagne. Il n\u2019y aura pas de frais d\u2019administration ni de d\u00e9penses d\u00e9duites des dons.<\/p>\n<p>\n<\/div><\/div>\n","protected":false},"excerpt":{"rendered":"","protected":false},"author":2,"featured_media":201,"parent":0,"menu_order":0,"comment_status":"closed","ping_status":"closed","template":"template-full-custom.php","meta":[],"translation":{"provider":"WPGlobus","version":"2.7.3","language":"fr","enabled_languages":["en","fr"],"languages":{"en":{"title":true,"content":true,"excerpt":false},"fr":{"title":true,"content":true,"excerpt":false}}},"yoast_head":"<!-- This site is optimized with the Yoast SEO plugin v16.3 - https:\/\/yoast.com\/wordpress\/plugins\/seo\/ -->\n<title>Shattered Hearts<\/title>\n<meta name=\"robots\" content=\"index, follow, max-snippet:-1, max-image-preview:large, max-video-preview:-1\" \/>\n<link rel=\"canonical\" href=\"https:\/\/www.thequeerproject.org\/\" \/>\n<meta property=\"og:locale\" content=\"fr_FR\" \/>\n<meta property=\"og:type\" content=\"article\" \/>\n<meta property=\"og:title\" content=\"Shattered Hearts\" \/>\n<meta property=\"og:url\" content=\"https:\/\/www.thequeerproject.org\/\" \/>\n<meta property=\"og:site_name\" content=\"Coeurs en &eacute;clats\" \/>\n<meta property=\"article:publisher\" content=\"http:\/\/www.facebook.com\/shatteredhearts.leb\" \/>\n<meta property=\"article:modified_time\" content=\"2021-07-28T01:04:48+00:00\" \/>\n<meta property=\"og:image\" content=\"https:\/\/www.thequeerproject.org\/wp-content\/uploads\/2021\/05\/Featured-image.jpg\" \/>\n\t<meta property=\"og:image:width\" content=\"960\" \/>\n\t<meta property=\"og:image:height\" content=\"540\" \/>\n<meta name=\"twitter:card\" content=\"summary_large_image\" \/>\n<meta name=\"twitter:label1\" content=\"Dur\u00e9e de lecture est.\">\n\t<meta name=\"twitter:data1\" content=\"3 minutes\">\n<script type=\"application\/ld+json\" class=\"yoast-schema-graph\">{\"@context\":\"https:\/\/schema.org\",\"@graph\":[{\"@type\":\"Organization\",\"@id\":\"https:\/\/www.thequeerproject.org\/#organization\",\"name\":\"Shattered Hearts \/ Coeurs en \\u00e9clats\",\"url\":\"https:\/\/www.thequeerproject.org\/\",\"sameAs\":[\"http:\/\/www.facebook.com\/shatteredhearts.leb\",\"http:\/\/www.instagram.com\/shatteredhearts.leb\"],\"logo\":{\"@type\":\"ImageObject\",\"@id\":\"https:\/\/www.thequeerproject.org\/#logo\",\"inLanguage\":\"fr-FR\",\"url\":\"https:\/\/www.thequeerproject.org\/wp-content\/uploads\/2021\/05\/Featured-image.jpg\",\"contentUrl\":\"https:\/\/www.thequeerproject.org\/wp-content\/uploads\/2021\/05\/Featured-image.jpg\",\"width\":960,\"height\":540,\"caption\":\"Shattered Hearts \/ Coeurs en \\u00e9clats\"},\"image\":{\"@id\":\"https:\/\/www.thequeerproject.org\/#logo\"}},{\"@type\":\"WebSite\",\"@id\":\"https:\/\/www.thequeerproject.org\/#website\",\"url\":\"https:\/\/www.thequeerproject.org\/\",\"name\":\"Shattered Hearts\",\"description\":\"Collecte de fonds d'aide directe &agrave; des personnes LGBTIQ ayant souffert de l'explosion du port de Beyrouth\",\"publisher\":{\"@id\":\"https:\/\/www.thequeerproject.org\/#organization\"},\"potentialAction\":[{\"@type\":\"SearchAction\",\"target\":\"https:\/\/www.thequeerproject.org\/?s={search_term_string}\",\"query-input\":\"required name=search_term_string\"}],\"inLanguage\":\"fr-FR\"},{\"@type\":\"ImageObject\",\"@id\":\"https:\/\/www.thequeerproject.org\/#primaryimage\",\"inLanguage\":\"fr-FR\",\"url\":\"https:\/\/www.thequeerproject.org\/wp-content\/uploads\/2021\/05\/Featured-image.jpg\",\"contentUrl\":\"https:\/\/www.thequeerproject.org\/wp-content\/uploads\/2021\/05\/Featured-image.jpg\",\"width\":960,\"height\":540},{\"@type\":\"WebPage\",\"@id\":\"https:\/\/www.thequeerproject.org\/#webpage\",\"url\":\"https:\/\/www.thequeerproject.org\/\",\"name\":\"Shattered Hearts\",\"isPartOf\":{\"@id\":\"https:\/\/www.thequeerproject.org\/#website\"},\"primaryImageOfPage\":{\"@id\":\"https:\/\/www.thequeerproject.org\/#primaryimage\"},\"datePublished\":\"2021-05-28T19:11:06+00:00\",\"dateModified\":\"2021-07-28T01:04:48+00:00\",\"description\":\"Raising direct aid funds for LGBTIQ individuals in the aftermath of the Beirut port explosion\",\"breadcrumb\":{\"@id\":\"https:\/\/www.thequeerproject.org\/#breadcrumb\"},\"inLanguage\":\"fr-FR\",\"potentialAction\":[{\"@type\":\"ReadAction\",\"target\":[\"https:\/\/www.thequeerproject.org\/\"]}]},{\"@type\":\"BreadcrumbList\",\"@id\":\"https:\/\/www.thequeerproject.org\/#breadcrumb\",\"itemListElement\":[{\"@type\":\"ListItem\",\"position\":1,\"item\":{\"@type\":\"WebPage\",\"@id\":\"https:\/\/www.thequeerproject.org\/\",\"url\":\"https:\/\/www.thequeerproject.org\/\",\"name\":\"Home\"}},{\"@type\":\"ListItem\",\"position\":2,\"item\":{\"@id\":\"https:\/\/www.thequeerproject.org\/#webpage\"}}]}]}<\/script>\n<!-- \/ Yoast SEO plugin. -->","_links":{"self":[{"href":"https:\/\/www.thequeerproject.org\/fr\/wp-json\/wp\/v2\/pages\/63"}],"collection":[{"href":"https:\/\/www.thequeerproject.org\/fr\/wp-json\/wp\/v2\/pages"}],"about":[{"href":"https:\/\/www.thequeerproject.org\/fr\/wp-json\/wp\/v2\/types\/page"}],"author":[{"embeddable":true,"href":"https:\/\/www.thequeerproject.org\/fr\/wp-json\/wp\/v2\/users\/2"}],"replies":[{"embeddable":true,"href":"https:\/\/www.thequeerproject.org\/fr\/wp-json\/wp\/v2\/comments?post=63"}],"version-history":[{"count":26,"href":"https:\/\/www.thequeerproject.org\/fr\/wp-json\/wp\/v2\/pages\/63\/revisions"}],"predecessor-version":[{"id":317,"href":"https:\/\/www.thequeerproject.org\/fr\/wp-json\/wp\/v2\/pages\/63\/revisions\/317"}],"wp:featuredmedia":[{"embeddable":true,"href":"https:\/\/www.thequeerproject.org\/fr\/wp-json\/wp\/v2\/media\/201"}],"wp:attachment":[{"href":"https:\/\/www.thequeerproject.org\/fr\/wp-json\/wp\/v2\/media?parent=63"}],"curies":[{"name":"wp","href":"https:\/\/api.w.org\/{rel}","templated":true}]}}