{"id":217,"date":"2021-07-27T19:36:50","date_gmt":"2021-07-27T19:36:50","guid":{"rendered":"https:\/\/www.thequeerproject.org\/?page_id=217"},"modified":"2021-07-27T22:06:05","modified_gmt":"2021-07-27T22:06:05","slug":"thanks","status":"publish","type":"page","link":"https:\/\/www.thequeerproject.org\/fr\/thanks\/","title":{"rendered":"Merci"},"content":{"rendered":"<div class=\"section-full-width section-light\" style=\"background-color:#f7f7f7;\" id=\"section-1\"><div class=\"section-boxed\" style=\"color:#777777;\"><\/p>\n<p style=\"text-align: center;\">Ce projet a \u00e9t\u00e9 r\u00e9alis\u00e9 avec le soutien b\u00e9n\u00e9vole des amis, collaborateurs et partenaires suivants:<\/p>\n<p>&nbsp;<\/p>\n<p style=\"text-align: center;\"><strong>Amis et collaborateurs<\/strong><\/p>\n<p style=\"text-align: center;\">Nada Raphael<br \/>\nJo\u00eblle Sfeir<br \/>\nNour Mohammad<br \/>\nFatima Karaki<br \/>\nEtienne Dicaire<br \/>\n<a href=\"https:\/\/www.hadizeidan.com\" target=\"_blank\" rel=\"noopener\">Hadi Zeidan <\/a><br \/>\nMathieu Chantelois<br \/>\nYoumna Raphael<br \/>\nAydin Matlabi<br \/>\nJos\u00e9 Torrealba<br \/>\nTrevor Tejada-Berges<br \/>\nKathryn Klassen<br \/>\nKat Coric<br \/>\nZiad Touma<br \/>\nRachid Hatem<br \/>\nRalph Shayne<\/p>\n<p>&nbsp;<\/p>\n<p style=\"text-align: center;\"><strong>Partenaires<\/strong><\/p>\n<p style=\"text-align: center;\"><a href=\"https:\/\/tourleb.org\" target=\"_blank\" rel=\"noopener\">Tourleb<\/a><br \/>\n<a href=\"https:\/\/www.the519.org\" target=\"_blank\" rel=\"noopener\">The 519<\/a><br \/>\n<a href=\"https:\/\/mosaic-mena.org\" target=\"_blank\" rel=\"noopener\">MOSAIC<\/a><br \/>\n<a href=\"https:\/\/fiertemtl.com\/en\/\" target=\"_blank\" rel=\"noopener\">Fiert\u00e9 Montr\u00e9al<\/a><br \/>\n<a href=\"https:\/\/www.montrealhelem.org\/en\/home\/\" target=\"_blank\" rel=\"noopener\">Helem Montreal<\/a><br \/>\n<a href=\"https:\/\/www.facebook.com\/1morecup.org\/\" target=\"_blank\" rel=\"noopener\">1more cup<\/a><br \/>\n<a href=\"http:\/\/another-id.com\" target=\"_blank\" rel=\"noopener\">Another-ID<\/a><br \/>\n<a href=\"https:\/\/www.facebook.com\/electrochocks\" target=\"_blank\" rel=\"noopener\">Electrochocks SARL<\/a><\/p>\n<p>\n<\/div><\/div>\n","protected":false},"excerpt":{"rendered":"","protected":false},"author":2,"featured_media":0,"parent":0,"menu_order":0,"comment_status":"closed","ping_status":"closed","template":"template-full-custom.php","meta":[],"translation":{"provider":"WPGlobus","version":"2.7.3","language":"fr","enabled_languages":["en","fr"],"languages":{"en":{"title":true,"content":true,"excerpt":false},"fr":{"title":true,"content":true,"excerpt":false}}},"yoast_head":"<!-- This site is optimized with the Yoast SEO plugin v16.3 - https:\/\/yoast.com\/wordpress\/plugins\/seo\/ -->\n<title>Shattered Hearts<\/title>\n<meta name=\"robots\" content=\"index, follow, max-snippet:-1, max-image-preview:large, max-video-preview:-1\" \/>\n<link rel=\"canonical\" href=\"https:\/\/www.thequeerproject.org\/thanks\/\" \/>\n<meta property=\"og:locale\" content=\"fr_FR\" \/>\n<meta property=\"og:type\" content=\"article\" \/>\n<meta property=\"og:title\" content=\"Shattered Hearts\" \/>\n<meta property=\"og:url\" content=\"https:\/\/www.thequeerproject.org\/thanks\/\" \/>\n<meta property=\"og:site_name\" content=\"Coeurs en &eacute;clats\" \/>\n<meta property=\"article:publisher\" content=\"http:\/\/www.facebook.com\/shatteredhearts.leb\" \/>\n<meta property=\"article:modified_time\" content=\"2021-07-27T22:06:05+00:00\" \/>\n<meta property=\"og:image\" content=\"https:\/\/www.thequeerproject.org\/wp-content\/uploads\/2021\/05\/Featured-image.jpg\" \/>\n\t<meta property=\"og:image:width\" content=\"960\" \/>\n\t<meta property=\"og:image:height\" content=\"540\" \/>\n<meta name=\"twitter:card\" content=\"summary_large_image\" \/>\n<meta name=\"twitter:label1\" content=\"Dur\u00e9e de lecture est.\">\n\t<meta name=\"twitter:data1\" content=\"1 minute\">\n<script type=\"application\/ld+json\" class=\"yoast-schema-graph\">{\"@context\":\"https:\/\/schema.org\",\"@graph\":[{\"@type\":\"Organization\",\"@id\":\"https:\/\/www.thequeerproject.org\/#organization\",\"name\":\"Shattered Hearts \/ Coeurs en \\u00e9clats\",\"url\":\"https:\/\/www.thequeerproject.org\/\",\"sameAs\":[\"http:\/\/www.facebook.com\/shatteredhearts.leb\",\"http:\/\/www.instagram.com\/shatteredhearts.leb\"],\"logo\":{\"@type\":\"ImageObject\",\"@id\":\"https:\/\/www.thequeerproject.org\/#logo\",\"inLanguage\":\"fr-FR\",\"url\":\"https:\/\/www.thequeerproject.org\/wp-content\/uploads\/2021\/05\/Featured-image.jpg\",\"contentUrl\":\"https:\/\/www.thequeerproject.org\/wp-content\/uploads\/2021\/05\/Featured-image.jpg\",\"width\":960,\"height\":540,\"caption\":\"Shattered Hearts \/ Coeurs en \\u00e9clats\"},\"image\":{\"@id\":\"https:\/\/www.thequeerproject.org\/#logo\"}},{\"@type\":\"WebSite\",\"@id\":\"https:\/\/www.thequeerproject.org\/#website\",\"url\":\"https:\/\/www.thequeerproject.org\/\",\"name\":\"Shattered Hearts\",\"description\":\"Collecte de fonds d'aide directe &agrave; des personnes LGBTIQ ayant souffert de l'explosion du port de Beyrouth\",\"publisher\":{\"@id\":\"https:\/\/www.thequeerproject.org\/#organization\"},\"potentialAction\":[{\"@type\":\"SearchAction\",\"target\":\"https:\/\/www.thequeerproject.org\/?s={search_term_string}\",\"query-input\":\"required name=search_term_string\"}],\"inLanguage\":\"fr-FR\"},{\"@type\":\"WebPage\",\"@id\":\"https:\/\/www.thequeerproject.org\/thanks\/#webpage\",\"url\":\"https:\/\/www.thequeerproject.org\/thanks\/\",\"name\":\"Shattered Hearts\",\"isPartOf\":{\"@id\":\"https:\/\/www.thequeerproject.org\/#website\"},\"datePublished\":\"2021-07-27T19:36:50+00:00\",\"dateModified\":\"2021-07-27T22:06:05+00:00\",\"description\":\"Raising direct aid funds for LGBTIQ individuals in the aftermath of the Beirut port explosion\",\"breadcrumb\":{\"@id\":\"https:\/\/www.thequeerproject.org\/thanks\/#breadcrumb\"},\"inLanguage\":\"fr-FR\",\"potentialAction\":[{\"@type\":\"ReadAction\",\"target\":[\"https:\/\/www.thequeerproject.org\/thanks\/\"]}]},{\"@type\":\"BreadcrumbList\",\"@id\":\"https:\/\/www.thequeerproject.org\/thanks\/#breadcrumb\",\"itemListElement\":[{\"@type\":\"ListItem\",\"position\":1,\"item\":{\"@type\":\"WebPage\",\"@id\":\"https:\/\/www.thequeerproject.org\/\",\"url\":\"https:\/\/www.thequeerproject.org\/\",\"name\":\"Home\"}},{\"@type\":\"ListItem\",\"position\":2,\"item\":{\"@id\":\"https:\/\/www.thequeerproject.org\/thanks\/#webpage\"}}]}]}<\/script>\n<!-- \/ Yoast SEO plugin. -->","_links":{"self":[{"href":"https:\/\/www.thequeerproject.org\/fr\/wp-json\/wp\/v2\/pages\/217"}],"collection":[{"href":"https:\/\/www.thequeerproject.org\/fr\/wp-json\/wp\/v2\/pages"}],"about":[{"href":"https:\/\/www.thequeerproject.org\/fr\/wp-json\/wp\/v2\/types\/page"}],"author":[{"embeddable":true,"href":"https:\/\/www.thequeerproject.org\/fr\/wp-json\/wp\/v2\/users\/2"}],"replies":[{"embeddable":true,"href":"https:\/\/www.thequeerproject.org\/fr\/wp-json\/wp\/v2\/comments?post=217"}],"version-history":[{"count":13,"href":"https:\/\/www.thequeerproject.org\/fr\/wp-json\/wp\/v2\/pages\/217\/revisions"}],"predecessor-version":[{"id":262,"href":"https:\/\/www.thequeerproject.org\/fr\/wp-json\/wp\/v2\/pages\/217\/revisions\/262"}],"wp:attachment":[{"href":"https:\/\/www.thequeerproject.org\/fr\/wp-json\/wp\/v2\/media?parent=217"}],"curies":[{"name":"wp","href":"https:\/\/api.w.org\/{rel}","templated":true}]}}